{"id":6859,"date":"2022-06-01T09:40:26","date_gmt":"2022-06-01T07:40:26","guid":{"rendered":"https:\/\/www.chaletscocoon.com\/nous-trouver\/"},"modified":"2024-06-11T16:46:57","modified_gmt":"2024-06-11T14:46:57","slug":"find-us","status":"publish","type":"page","link":"https:\/\/www.chaletscocoon.com\/en\/find-us\/","title":{"rendered":"Find Us"},"content":{"rendered":"<p>[vc_row equal_height=&#8221;yes&#8221; css=&#8221;.vc_custom_1654081608521{margin-right: 0px !important;margin-left: 0px !important;padding-top: 0px !important;padding-right: 15px !important;padding-bottom: 80px !important;padding-left: 15px !important;}&#8221;][vc_column width=&#8221;1\/2&#8243; css=&#8221;.vc_custom_1654081224971{padding-top: 15px !important;}&#8221;]<div class=\"eltdf-section-title-holder find_us_title eltdf-st-standard eltdf-st-title-left eltdf-st-normal-space \" style=\"text-align: left\">\n\t<div class=\"eltdf-st-inner\">\n\t\t\t\t\t<h2 class=\"eltdf-st-title\" >\n\t\t\t\tFind us\t\t\t<\/h2>\n\t\t\t\t\t<\/div>\n<\/div>[vc_gmaps link=&#8221;#E-8_JTNDaWZyYW1lJTIwc3JjJTNEJTIyaHR0cHMlM0ElMkYlMkZ3d3cuZ29vZ2xlLmNvbSUyRm1hcHMlMkZkJTJGZW1iZWQlM0ZtaWQlM0QxQUlJMkFTR3dWQi1URjFza2pyUE9YR1FXTFo2T0ZjOCUyNmVoYmMlM0QyRTMxMkYlMjIlM0UlM0MlMkZpZnJhbWUlM0U=&#8221; size=&#8221;&#8221; el_id=&#8221;find_us_carte&#8221; el_class=&#8221;responsive_map&#8221;][\/vc_column][vc_column width=&#8221;1\/2&#8243; css=&#8221;.vc_custom_1654081234624{padding-top: 15px !important;}&#8221;]<div class=\"eltdf-section-title-holder find_us_title eltdf-st-standard eltdf-st-title-left eltdf-st-normal-space \" >\n\t<div class=\"eltdf-st-inner\">\n\t\t\t\t\t<h2 class=\"eltdf-st-title\" >\n\t\t\t\tSki resort map\t\t\t<\/h2>\n\t\t\t\t\t<\/div>\n<\/div>[vc_single_image image=&#8221;6804&#8243; img_size=&#8221;full&#8221; el_id=&#8221;find_us_right_image&#8221;][\/vc_column][\/vc_row][vc_row css=&#8221;.vc_custom_1654075200771{padding-right: 30px !important;padding-left: 30px !important;}&#8221;][vc_column][vc_separator color=&#8221;black&#8221; border_width=&#8221;2&#8243;][\/vc_column][\/vc_row][vc_row][vc_column][vc_empty_space height=&#8221;65px&#8221;][\/vc_column][\/vc_row][vc_row content_placement=&#8221;middle&#8221;][vc_column el_class=&#8221;find_us_location&#8221; css=&#8221;.vc_custom_1654080613523{padding-top: 15px !important;}&#8221;]<div class=\"eltdf-iwt clearfix find_us_footer_adress eltdf-iwt-icon-left eltdf-iwt-icon-small\">\n    <div class=\"eltdf-iwt-icon\">\n\t\t\t\t\t\t\t\t\t    <span class=\"eltdf-icon-shortcode eltdf-normal   eltdf-icon-small\"  data-hover-color=\"#212121\" data-color=\"#212121\">\n                    <i class=\"eltdf-icon-ion-icon ion-ios-location eltdf-icon-element\" style=\"color: #212121;font-size:25px\" ><\/i>            <\/span>\n\t\t\t\t\t\t    <\/div>\n    <div class=\"eltdf-iwt-content\" >\n\t\t        <h3        class=\"eltdf-iwt-title\" style=\"color: #212121;margin-top: 9px\">\n\t\t            <span class=\"eltdf-iwt-title-text\">77 rue des balcons<\/span>\n\t\t\t    <\/h3>\n\t\t        <div class=\"eltdf-iwt-text\" style=\"margin-top: 0px\">73440 VAL THORENS - FR<\/div>\n\t<\/div>\n<\/div>[\/vc_column][\/vc_row][vc_row][vc_column][vc_empty_space height=&#8221;80px&#8221;][\/vc_column][\/vc_row]<\/p>\n","protected":false},"excerpt":{"rendered":"<p>[vc_row equal_height=&#8221;yes&#8221; css=&#8221;.vc_custom_1654081608521{margin-right: 0px !important;margin-left: 0px !important;padding-top: 0px !important;padding-right: 15px !important;padding-bottom: 80px !important;padding-left: 15px !important;}&#8221;][vc_column width=&#8221;1\/2&#8243; css=&#8221;.vc_custom_1654081224971{padding-top: 15px !important;}&#8221;][vc_gmaps link=&#8221;#E-8_JTNDaWZyYW1lJTIwc3JjJTNEJTIyaHR0cHMlM0ElMkYlMkZ3d3cuZ29vZ2xlLmNvbSUyRm1hcHMlMkZkJTJGZW1iZWQlM0ZtaWQlM0QxQUlJMkFTR3dWQi1URjFza2pyUE9YR1FXTFo2T0ZjOCUyNmVoYmMlM0QyRTMxMkYlMjIlM0UlM0MlMkZpZnJhbWUlM0U=&#8221; size=&#8221;&#8221; el_id=&#8221;find_us_carte&#8221; el_class=&#8221;responsive_map&#8221;][\/vc_column][vc_column width=&#8221;1\/2&#8243; css=&#8221;.vc_custom_1654081234624{padding-top: 15px !important;}&#8221;][vc_single_image image=&#8221;6804&#8243; img_size=&#8221;full&#8221; el_id=&#8221;find_us_right_image&#8221;][\/vc_column][\/vc_row][vc_row css=&#8221;.vc_custom_1654075200771{padding-right: 30px !important;padding-left: 30px !important;}&#8221;][vc_column][vc_separator color=&#8221;black&#8221; border_width=&#8221;2&#8243;][\/vc_column][\/vc_row][vc_row][vc_column][vc_empty_space height=&#8221;65px&#8221;][\/vc_column][\/vc_row][vc_row content_placement=&#8221;middle&#8221;][vc_column el_class=&#8221;find_us_location&#8221; css=&#8221;.vc_custom_1654080613523{padding-top: 15px !important;}&#8221;][\/vc_column][\/vc_row][vc_row][vc_column][vc_empty_space height=&#8221;80px&#8221;][\/vc_column][\/vc_row]<\/p>\n","protected":false},"author":1,"featured_media":0,"parent":0,"menu_order":0,"comment_status":"closed","ping_status":"closed","template":"","meta":{"footnotes":""},"class_list":["post-6859","page","type-page","status-publish","hentry"],"yoast_head":"<!-- This site is optimized with the Yoast SEO plugin v27.5 - https:\/\/yoast.com\/product\/yoast-seo-wordpress\/ -->\n<title>R\u00e9servation Chalet Val Thorens : r\u00e9servation appartement - Chalets Cocoon<\/title>\n<meta name=\"description\" content=\"N&#039;h\u00e9sitez pas \u00e0 nous contacter pour toutes informations concernant la reservation de votre Chalet \u00e0 Val Thorens.\" \/>\n<meta name=\"robots\" content=\"index, follow, max-snippet:-1, max-image-preview:large, max-video-preview:-1\" \/>\n<link rel=\"canonical\" href=\"https:\/\/www.chaletscocoon.com\/en\/find-us\/\" \/>\n<meta property=\"og:locale\" content=\"en_US\" \/>\n<meta property=\"og:type\" content=\"article\" \/>\n<meta property=\"og:title\" content=\"R\u00e9servation Chalet Val Thorens : r\u00e9servation appartement - Chalets Cocoon\" \/>\n<meta property=\"og:description\" content=\"N&#039;h\u00e9sitez pas \u00e0 nous contacter pour toutes informations concernant la reservation de votre Chalet \u00e0 Val Thorens.\" \/>\n<meta property=\"og:url\" content=\"https:\/\/www.chaletscocoon.com\/en\/find-us\/\" \/>\n<meta property=\"og:site_name\" content=\"Chalets Cocoon\" \/>\n<meta property=\"article:modified_time\" content=\"2024-06-11T14:46:57+00:00\" \/>\n<meta name=\"twitter:card\" content=\"summary_large_image\" \/>\n<meta name=\"twitter:label1\" content=\"Est. reading time\" \/>\n\t<meta name=\"twitter:data1\" content=\"1 minute\" \/>\n<script type=\"application\/ld+json\" class=\"yoast-schema-graph\">{\"@context\":\"https:\\\/\\\/schema.org\",\"@graph\":[{\"@type\":\"WebPage\",\"@id\":\"https:\\\/\\\/www.chaletscocoon.com\\\/en\\\/find-us\\\/\",\"url\":\"https:\\\/\\\/www.chaletscocoon.com\\\/en\\\/find-us\\\/\",\"name\":\"R\u00e9servation Chalet Val Thorens : r\u00e9servation appartement - Chalets Cocoon\",\"isPartOf\":{\"@id\":\"https:\\\/\\\/www.chaletscocoon.com\\\/#website\"},\"datePublished\":\"2022-06-01T07:40:26+00:00\",\"dateModified\":\"2024-06-11T14:46:57+00:00\",\"description\":\"N'h\u00e9sitez pas \u00e0 nous contacter pour toutes informations concernant la reservation de votre Chalet \u00e0 Val Thorens.\",\"breadcrumb\":{\"@id\":\"https:\\\/\\\/www.chaletscocoon.com\\\/en\\\/find-us\\\/#breadcrumb\"},\"inLanguage\":\"en-US\",\"potentialAction\":[{\"@type\":\"ReadAction\",\"target\":[\"https:\\\/\\\/www.chaletscocoon.com\\\/en\\\/find-us\\\/\"]}]},{\"@type\":\"BreadcrumbList\",\"@id\":\"https:\\\/\\\/www.chaletscocoon.com\\\/en\\\/find-us\\\/#breadcrumb\",\"itemListElement\":[{\"@type\":\"ListItem\",\"position\":1,\"name\":\"Accueil\",\"item\":\"https:\\\/\\\/www.chaletscocoon.com\\\/en\\\/\"},{\"@type\":\"ListItem\",\"position\":2,\"name\":\"Find Us\"}]},{\"@type\":\"WebSite\",\"@id\":\"https:\\\/\\\/www.chaletscocoon.com\\\/#website\",\"url\":\"https:\\\/\\\/www.chaletscocoon.com\\\/\",\"name\":\"Chalets Cocoon\",\"description\":\"Location de chalet de luxe \u00e0 Val Thorens\",\"potentialAction\":[{\"@type\":\"SearchAction\",\"target\":{\"@type\":\"EntryPoint\",\"urlTemplate\":\"https:\\\/\\\/www.chaletscocoon.com\\\/?s={search_term_string}\"},\"query-input\":{\"@type\":\"PropertyValueSpecification\",\"valueRequired\":true,\"valueName\":\"search_term_string\"}}],\"inLanguage\":\"en-US\"}]}<\/script>\n<!-- \/ Yoast SEO plugin. -->","yoast_head_json":{"title":"R\u00e9servation Chalet Val Thorens : r\u00e9servation appartement - Chalets Cocoon","description":"N'h\u00e9sitez pas \u00e0 nous contacter pour toutes informations concernant la reservation de votre Chalet \u00e0 Val Thorens.","robots":{"index":"index","follow":"follow","max-snippet":"max-snippet:-1","max-image-preview":"max-image-preview:large","max-video-preview":"max-video-preview:-1"},"canonical":"https:\/\/www.chaletscocoon.com\/en\/find-us\/","og_locale":"en_US","og_type":"article","og_title":"R\u00e9servation Chalet Val Thorens : r\u00e9servation appartement - Chalets Cocoon","og_description":"N'h\u00e9sitez pas \u00e0 nous contacter pour toutes informations concernant la reservation de votre Chalet \u00e0 Val Thorens.","og_url":"https:\/\/www.chaletscocoon.com\/en\/find-us\/","og_site_name":"Chalets Cocoon","article_modified_time":"2024-06-11T14:46:57+00:00","twitter_card":"summary_large_image","twitter_misc":{"Est. reading time":"1 minute"},"schema":{"@context":"https:\/\/schema.org","@graph":[{"@type":"WebPage","@id":"https:\/\/www.chaletscocoon.com\/en\/find-us\/","url":"https:\/\/www.chaletscocoon.com\/en\/find-us\/","name":"R\u00e9servation Chalet Val Thorens : r\u00e9servation appartement - Chalets Cocoon","isPartOf":{"@id":"https:\/\/www.chaletscocoon.com\/#website"},"datePublished":"2022-06-01T07:40:26+00:00","dateModified":"2024-06-11T14:46:57+00:00","description":"N'h\u00e9sitez pas \u00e0 nous contacter pour toutes informations concernant la reservation de votre Chalet \u00e0 Val Thorens.","breadcrumb":{"@id":"https:\/\/www.chaletscocoon.com\/en\/find-us\/#breadcrumb"},"inLanguage":"en-US","potentialAction":[{"@type":"ReadAction","target":["https:\/\/www.chaletscocoon.com\/en\/find-us\/"]}]},{"@type":"BreadcrumbList","@id":"https:\/\/www.chaletscocoon.com\/en\/find-us\/#breadcrumb","itemListElement":[{"@type":"ListItem","position":1,"name":"Accueil","item":"https:\/\/www.chaletscocoon.com\/en\/"},{"@type":"ListItem","position":2,"name":"Find Us"}]},{"@type":"WebSite","@id":"https:\/\/www.chaletscocoon.com\/#website","url":"https:\/\/www.chaletscocoon.com\/","name":"Chalets Cocoon","description":"Location de chalet de luxe \u00e0 Val Thorens","potentialAction":[{"@type":"SearchAction","target":{"@type":"EntryPoint","urlTemplate":"https:\/\/www.chaletscocoon.com\/?s={search_term_string}"},"query-input":{"@type":"PropertyValueSpecification","valueRequired":true,"valueName":"search_term_string"}}],"inLanguage":"en-US"}]}},"_links":{"self":[{"href":"https:\/\/www.chaletscocoon.com\/en\/wp-json\/wp\/v2\/pages\/6859","targetHints":{"allow":["GET"]}}],"collection":[{"href":"https:\/\/www.chaletscocoon.com\/en\/wp-json\/wp\/v2\/pages"}],"about":[{"href":"https:\/\/www.chaletscocoon.com\/en\/wp-json\/wp\/v2\/types\/page"}],"author":[{"embeddable":true,"href":"https:\/\/www.chaletscocoon.com\/en\/wp-json\/wp\/v2\/users\/1"}],"replies":[{"embeddable":true,"href":"https:\/\/www.chaletscocoon.com\/en\/wp-json\/wp\/v2\/comments?post=6859"}],"version-history":[{"count":2,"href":"https:\/\/www.chaletscocoon.com\/en\/wp-json\/wp\/v2\/pages\/6859\/revisions"}],"predecessor-version":[{"id":6861,"href":"https:\/\/www.chaletscocoon.com\/en\/wp-json\/wp\/v2\/pages\/6859\/revisions\/6861"}],"wp:attachment":[{"href":"https:\/\/www.chaletscocoon.com\/en\/wp-json\/wp\/v2\/media?parent=6859"}],"curies":[{"name":"wp","href":"https:\/\/api.w.org\/{rel}","templated":true}]}}